{"id":1765,"date":"2020-09-10T14:28:59","date_gmt":"2020-09-10T12:28:59","guid":{"rendered":"https:\/\/market-repricer.com\/?page_id=1765"},"modified":"2024-07-17T13:46:06","modified_gmt":"2024-07-17T11:46:06","slug":"mentions-legales","status":"publish","type":"page","link":"https:\/\/www.market-repricer.com\/us\/mentions-legales","title":{"rendered":"Legal notices"},"content":{"rendered":"<div data-elementor-type=\"wp-page\" data-elementor-id=\"1765\" class=\"elementor elementor-1765\" data-elementor-post-type=\"page\">\n\t\t\t\t\t\t<section class=\"elementor-section elementor-top-section elementor-element elementor-element-6e02aa96 elementor-section-height-min-height elementor-section-boxed elementor-section-height-default elementor-section-items-middle\" data-id=\"6e02aa96\" data-element_type=\"section\" id=\"next\" data-settings=\"{&quot;background_background&quot;:&quot;gradient&quot;,&quot;shape_divider_bottom&quot;:&quot;waves&quot;}\">\n\t\t\t\t\t\t\t<div class=\"elementor-background-overlay\"><\/div>\n\t\t\t\t\t\t<div class=\"elementor-shape elementor-shape-bottom\" aria-hidden=\"true\" data-negative=\"false\">\n\t\t\t<svg xmlns=\"http:\/\/www.w3.org\/2000\/svg\" viewbox=\"0 0 1000 100\" preserveaspectratio=\"none\">\n\t<path class=\"elementor-shape-fill\" d=\"M421.9,6.5c22.6-2.5,51.5,0.4,75.5,5.3c23.6,4.9,70.9,23.5,100.5,35.7c75.8,32.2,133.7,44.5,192.6,49.7\tc23.6,2.1,48.7,3.5,103.4-2.5c54.7-6,106.2-25.6,106.2-25.6V0H0v30.3c0,0,72,32.6,158.4,30.5c39.2-0.7,92.8-6.7,134-22.4\tc21.2-8.1,52.2-18.2,79.7-24.2C399.3,7.9,411.6,7.5,421.9,6.5z\"\/>\n<\/svg>\t\t<\/div>\n\t\t\t\t\t<div class=\"elementor-container elementor-column-gap-default\">\n\t\t\t\t\t<div class=\"elementor-column elementor-col-100 elementor-top-column elementor-element elementor-element-2cd91580\" data-id=\"2cd91580\" data-element_type=\"column\">\n\t\t\t<div class=\"elementor-widget-wrap elementor-element-populated\">\n\t\t\t\t\t\t<div class=\"elementor-element elementor-element-580df0b3 elementor-widget elementor-widget-spacer\" data-id=\"580df0b3\" data-element_type=\"widget\" data-widget_type=\"spacer.default\">\n\t\t\t\t<div class=\"elementor-widget-container\">\n\t\t\t\t\t\t\t<div class=\"elementor-spacer\">\n\t\t\t<div class=\"elementor-spacer-inner\"><\/div>\n\t\t<\/div>\n\t\t\t\t\t\t<\/div>\n\t\t\t\t<\/div>\n\t\t\t\t<div class=\"elementor-element elementor-element-ba138ff elementor-widget elementor-widget-spacer\" data-id=\"ba138ff\" data-element_type=\"widget\" data-widget_type=\"spacer.default\">\n\t\t\t\t<div class=\"elementor-widget-container\">\n\t\t\t\t\t\t\t<div class=\"elementor-spacer\">\n\t\t\t<div class=\"elementor-spacer-inner\"><\/div>\n\t\t<\/div>\n\t\t\t\t\t\t<\/div>\n\t\t\t\t<\/div>\n\t\t\t\t<div class=\"elementor-element elementor-element-1661879d elementor-invisible elementor-widget elementor-widget-heading\" data-id=\"1661879d\" data-element_type=\"widget\" data-settings=\"{&quot;_animation&quot;:&quot;fadeInUp&quot;}\" data-widget_type=\"heading.default\">\n\t\t\t\t<div class=\"elementor-widget-container\">\n\t\t\t\t\t<h1 class=\"elementor-heading-title elementor-size-default\">Legal notices<\/h1>\t\t\t\t<\/div>\n\t\t\t\t<\/div>\n\t\t\t\t\t<\/div>\n\t\t<\/div>\n\t\t\t\t\t<\/div>\n\t\t<\/section>\n\t\t\t\t<section class=\"elementor-section elementor-top-section elementor-element elementor-element-9ea85a4 elementor-section-boxed elementor-section-height-default elementor-section-height-default\" data-id=\"9ea85a4\" data-element_type=\"section\" data-settings=\"{&quot;background_background&quot;:&quot;classic&quot;}\">\n\t\t\t\t\t\t<div class=\"elementor-container elementor-column-gap-default\">\n\t\t\t\t\t<div class=\"elementor-column elementor-col-100 elementor-top-column elementor-element elementor-element-a4ceceb\" data-id=\"a4ceceb\" data-element_type=\"column\">\n\t\t\t<div class=\"elementor-widget-wrap elementor-element-populated\">\n\t\t\t\t\t\t<div class=\"elementor-element elementor-element-c9dabb7 elementor-widget elementor-widget-text-editor\" data-id=\"c9dabb7\" data-element_type=\"widget\" data-widget_type=\"text-editor.default\">\n\t\t\t\t<div class=\"elementor-widget-container\">\n\t\t\t\t\t\t\t\t\t<p>Le pr\u00e9sent site <a href=\"http:\/\/www.market-repricer.com\/us\/\">www.market-repricer.com<\/a> est \u00e9dit\u00e9 par la soci\u00e9t\u00e9 Net Invaders SAS au capital de 5 682 \u20ac.<br>L\u2019entreprise est immatricul\u00e9e au RCS de Aix-en-Provence sous le n\u00b080421267800036.<br>Num\u00e9ro de TVA Intracommunautaire : FR 17 80 42 12 678<br>Le si\u00e8ge social est situ\u00e9 au 190 rue Topaze, BAT 3 Le Magnolia, 13510 Eguilles \u2013 France.<br>Directeur de publication : Monsieur Vincent Oger, G\u00e9rant.<br>H\u00e9bergeur du site vitrine: Google Cloud, serveurs localis\u00e9s en Belgique<\/p>\t\t\t\t\t\t\t\t<\/div>\n\t\t\t\t<\/div>\n\t\t\t\t\t<\/div>\n\t\t<\/div>\n\t\t\t\t\t<\/div>\n\t\t<\/section>\n\t\t\t\t<\/div>","protected":false},"excerpt":{"rendered":"<p>Mentions l\u00e9gales Le pr\u00e9sent site www.market-repricer.com est \u00e9dit\u00e9 par la soci\u00e9t\u00e9 Net Invaders SAS au capital de 5 682 \u20ac.L\u2019entreprise est immatricul\u00e9e au RCS de Aix-en-Provence sous le n\u00b080421267800036.Num\u00e9ro de TVA Intracommunautaire : FR 17 80 42 12 678Le si\u00e8ge &hellip; <a href=\"https:\/\/www.market-repricer.com\/us\/mentions-legales\">Read More<\/a><\/p>","protected":false},"author":1,"featured_media":0,"parent":0,"menu_order":0,"comment_status":"closed","ping_status":"closed","template":"","meta":{"om_disable_all_campaigns":false,"_monsterinsights_skip_tracking":false,"_monsterinsights_sitenote_active":false,"_monsterinsights_sitenote_note":"","_monsterinsights_sitenote_category":0,"_uf_show_specific_survey":0,"_uf_disable_surveys":false,"footnotes":""},"class_list":["post-1765","page","type-page","status-publish","hentry"],"aioseo_notices":[],"yoast_head":"<!-- This site is optimized with the Yoast SEO plugin v25.6 - https:\/\/yoast.com\/wordpress\/plugins\/seo\/ -->\n<title>Mentions l\u00e9gales - Market Repricer<\/title>\n<meta name=\"robots\" content=\"index, follow, max-snippet:-1, max-image-preview:large, max-video-preview:-1\" \/>\n<link rel=\"canonical\" href=\"https:\/\/www.market-repricer.com\/us\/mentions-legales\/\" \/>\n<meta property=\"og:locale\" content=\"en_US\" \/>\n<meta property=\"og:type\" content=\"article\" \/>\n<meta property=\"og:title\" content=\"Mentions l\u00e9gales - Market Repricer\" \/>\n<meta property=\"og:description\" content=\"Mentions l\u00e9gales Le pr\u00e9sent site www.market-repricer.com est \u00e9dit\u00e9 par la soci\u00e9t\u00e9 Net Invaders SAS au capital de 5 682 \u20ac.L\u2019entreprise est immatricul\u00e9e au RCS de Aix-en-Provence sous le n\u00b080421267800036.Num\u00e9ro de TVA Intracommunautaire : FR 17 80 42 12 678Le si\u00e8ge &hellip; Read More\" \/>\n<meta property=\"og:url\" content=\"https:\/\/www.market-repricer.com\/us\/mentions-legales\/\" \/>\n<meta property=\"og:site_name\" content=\"Market Repricer\" \/>\n<meta property=\"article:modified_time\" content=\"2024-07-17T11:46:06+00:00\" \/>\n<meta name=\"twitter:card\" content=\"summary_large_image\" \/>\n<meta name=\"twitter:label1\" content=\"Est. reading time\" \/>\n\t<meta name=\"twitter:data1\" content=\"1 minute\" \/>\n<script type=\"application\/ld+json\" class=\"yoast-schema-graph\">{\"@context\":\"https:\/\/schema.org\",\"@graph\":[{\"@type\":\"WebPage\",\"@id\":\"https:\/\/www.market-repricer.com\/mentions-legales\/\",\"url\":\"https:\/\/www.market-repricer.com\/mentions-legales\/\",\"name\":\"Mentions l\u00e9gales - Market Repricer\",\"isPartOf\":{\"@id\":\"https:\/\/www.market-repricer.com\/#website\"},\"datePublished\":\"2020-09-10T12:28:59+00:00\",\"dateModified\":\"2024-07-17T11:46:06+00:00\",\"breadcrumb\":{\"@id\":\"https:\/\/www.market-repricer.com\/mentions-legales\/#breadcrumb\"},\"inLanguage\":\"en-US\",\"potentialAction\":[{\"@type\":\"ReadAction\",\"target\":[\"https:\/\/www.market-repricer.com\/mentions-legales\/\"]}]},{\"@type\":\"BreadcrumbList\",\"@id\":\"https:\/\/www.market-repricer.com\/mentions-legales\/#breadcrumb\",\"itemListElement\":[{\"@type\":\"ListItem\",\"position\":1,\"name\":\"Accueil\",\"item\":\"https:\/\/www.market-repricer.com\/\"},{\"@type\":\"ListItem\",\"position\":2,\"name\":\"Mentions l\u00e9gales\"}]},{\"@type\":\"WebSite\",\"@id\":\"https:\/\/www.market-repricer.com\/#website\",\"url\":\"https:\/\/www.market-repricer.com\/\",\"name\":\"Market Repricer\",\"description\":\"\u00c9clipsez vos concurrents\",\"potentialAction\":[{\"@type\":\"SearchAction\",\"target\":{\"@type\":\"EntryPoint\",\"urlTemplate\":\"https:\/\/www.market-repricer.com\/?s={search_term_string}\"},\"query-input\":{\"@type\":\"PropertyValueSpecification\",\"valueRequired\":true,\"valueName\":\"search_term_string\"}}],\"inLanguage\":\"en-US\"}]}<\/script>\n<!-- \/ Yoast SEO plugin. -->","yoast_head_json":{"title":"Mentions l\u00e9gales - Market Repricer","robots":{"index":"index","follow":"follow","max-snippet":"max-snippet:-1","max-image-preview":"max-image-preview:large","max-video-preview":"max-video-preview:-1"},"canonical":"https:\/\/www.market-repricer.com\/us\/mentions-legales\/","og_locale":"en_US","og_type":"article","og_title":"Mentions l\u00e9gales - Market Repricer","og_description":"Mentions l\u00e9gales Le pr\u00e9sent site www.market-repricer.com est \u00e9dit\u00e9 par la soci\u00e9t\u00e9 Net Invaders SAS au capital de 5 682 \u20ac.L\u2019entreprise est immatricul\u00e9e au RCS de Aix-en-Provence sous le n\u00b080421267800036.Num\u00e9ro de TVA Intracommunautaire : FR 17 80 42 12 678Le si\u00e8ge &hellip; Read More","og_url":"https:\/\/www.market-repricer.com\/us\/mentions-legales\/","og_site_name":"Market Repricer","article_modified_time":"2024-07-17T11:46:06+00:00","twitter_card":"summary_large_image","twitter_misc":{"Est. reading time":"1 minute"},"schema":{"@context":"https:\/\/schema.org","@graph":[{"@type":"WebPage","@id":"https:\/\/www.market-repricer.com\/mentions-legales\/","url":"https:\/\/www.market-repricer.com\/mentions-legales\/","name":"Mentions l\u00e9gales - Market Repricer","isPartOf":{"@id":"https:\/\/www.market-repricer.com\/#website"},"datePublished":"2020-09-10T12:28:59+00:00","dateModified":"2024-07-17T11:46:06+00:00","breadcrumb":{"@id":"https:\/\/www.market-repricer.com\/mentions-legales\/#breadcrumb"},"inLanguage":"en-US","potentialAction":[{"@type":"ReadAction","target":["https:\/\/www.market-repricer.com\/mentions-legales\/"]}]},{"@type":"BreadcrumbList","@id":"https:\/\/www.market-repricer.com\/mentions-legales\/#breadcrumb","itemListElement":[{"@type":"ListItem","position":1,"name":"Accueil","item":"https:\/\/www.market-repricer.com\/"},{"@type":"ListItem","position":2,"name":"Mentions l\u00e9gales"}]},{"@type":"WebSite","@id":"https:\/\/www.market-repricer.com\/#website","url":"https:\/\/www.market-repricer.com\/","name":"Market Repricer","description":"\u00c9clipsez vos concurrents","potentialAction":[{"@type":"SearchAction","target":{"@type":"EntryPoint","urlTemplate":"https:\/\/www.market-repricer.com\/?s={search_term_string}"},"query-input":{"@type":"PropertyValueSpecification","valueRequired":true,"valueName":"search_term_string"}}],"inLanguage":"en-US"}]}},"_links":{"self":[{"href":"https:\/\/www.market-repricer.com\/us\/wp-json\/wp\/v2\/pages\/1765","targetHints":{"allow":["GET"]}}],"collection":[{"href":"https:\/\/www.market-repricer.com\/us\/wp-json\/wp\/v2\/pages"}],"about":[{"href":"https:\/\/www.market-repricer.com\/us\/wp-json\/wp\/v2\/types\/page"}],"author":[{"embeddable":true,"href":"https:\/\/www.market-repricer.com\/us\/wp-json\/wp\/v2\/users\/1"}],"replies":[{"embeddable":true,"href":"https:\/\/www.market-repricer.com\/us\/wp-json\/wp\/v2\/comments?post=1765"}],"version-history":[{"count":0,"href":"https:\/\/www.market-repricer.com\/us\/wp-json\/wp\/v2\/pages\/1765\/revisions"}],"wp:attachment":[{"href":"https:\/\/www.market-repricer.com\/us\/wp-json\/wp\/v2\/media?parent=1765"}],"curies":[{"name":"wp","href":"https:\/\/api.w.org\/{rel}","templated":true}]}}